{"id":24998,"date":"2018-12-10T20:23:53","date_gmt":"2018-12-10T19:23:53","guid":{"rendered":"https:\/\/excursionesenlarivieramaya.com\/tours\/tulum-coba-cenote-and-beach-paradise\/"},"modified":"2018-12-10T20:23:53","modified_gmt":"2018-12-10T19:23:53","slug":"tulum-coba-cenote-and-beach-paradise","status":"publish","type":"page","link":"https:\/\/excursionesenlarivieramaya.com\/en\/tours\/tulum-coba-cenote-and-beach-paradise\/","title":{"rendered":"TULUM &#8211; COB\u00c1 CENOTE AND PARAISO BEACH"},"content":{"rendered":"","protected":false},"excerpt":{"rendered":"","protected":false},"author":7,"featured_media":0,"parent":24944,"menu_order":0,"comment_status":"open","ping_status":"closed","template":"","meta":{"_joinchat":[],"footnotes":""},"class_list":["post-24998","page","type-page","status-publish","hentry"],"yoast_head":"<!-- This site is optimized with the Yoast SEO plugin v26.8 - https:\/\/yoast.com\/product\/yoast-seo-wordpress\/ -->\n<title>\u25b7 Excursion to Tulum, Cob\u00e1 Cenote and Playa Para\u00edso : Riviera Maya<\/title>\n<meta name=\"description\" content=\"Are you coming on an excursion to Tulum and Cob\u00e1? Do you know Paraiso beach? Now is the time to book this tour that will blow your mind.\" \/>\n<meta name=\"robots\" content=\"index, follow, max-snippet:-1, max-image-preview:large, max-video-preview:-1\" \/>\n<link rel=\"canonical\" href=\"https:\/\/excursionesenlarivieramaya.com\/en\/tours\/tulum-coba-cenote-and-beach-paradise\/\" \/>\n<meta property=\"og:locale\" content=\"en_US\" \/>\n<meta property=\"og:type\" content=\"article\" \/>\n<meta property=\"og:title\" content=\"\u25b7 Excursion to Tulum, Cob\u00e1 Cenote and Playa Para\u00edso : Riviera Maya\" \/>\n<meta property=\"og:description\" content=\"Are you coming on an excursion to Tulum and Cob\u00e1? Do you know Paraiso beach? Now is the time to book this tour that will blow your mind.\" \/>\n<meta property=\"og:url\" content=\"https:\/\/excursionesenlarivieramaya.com\/en\/tours\/tulum-coba-cenote-and-beach-paradise\/\" \/>\n<meta property=\"og:site_name\" content=\"Exotik Mayan Tours\" \/>\n<meta name=\"twitter:card\" content=\"summary_large_image\" \/>\n<script type=\"application\/ld+json\" class=\"yoast-schema-graph\">{\"@context\":\"https:\/\/schema.org\",\"@graph\":[{\"@type\":\"WebPage\",\"@id\":\"https:\/\/excursionesenlarivieramaya.com\/en\/tours\/tulum-coba-cenote-and-beach-paradise\/\",\"url\":\"https:\/\/excursionesenlarivieramaya.com\/en\/tours\/tulum-coba-cenote-and-beach-paradise\/\",\"name\":\"\u25b7 Excursion to Tulum, Cob\u00e1 Cenote and Playa Para\u00edso : Riviera Maya\",\"isPartOf\":{\"@id\":\"https:\/\/excursionesenlarivieramaya.com\/en\/#website\"},\"datePublished\":\"2018-12-10T19:23:53+00:00\",\"description\":\"Are you coming on an excursion to Tulum and Cob\u00e1? Do you know Paraiso beach? Now is the time to book this tour that will blow your mind.\",\"breadcrumb\":{\"@id\":\"https:\/\/excursionesenlarivieramaya.com\/en\/tours\/tulum-coba-cenote-and-beach-paradise\/#breadcrumb\"},\"inLanguage\":\"en-US\",\"potentialAction\":[{\"@type\":\"ReadAction\",\"target\":[\"https:\/\/excursionesenlarivieramaya.com\/en\/tours\/tulum-coba-cenote-and-beach-paradise\/\"]}]},{\"@type\":\"BreadcrumbList\",\"@id\":\"https:\/\/excursionesenlarivieramaya.com\/en\/tours\/tulum-coba-cenote-and-beach-paradise\/#breadcrumb\",\"itemListElement\":[{\"@type\":\"ListItem\",\"position\":1,\"name\":\"Portada\",\"item\":\"https:\/\/excursionesenlarivieramaya.com\/en\/home-2\/\"},{\"@type\":\"ListItem\",\"position\":2,\"name\":\"THE BEST TOURS IN RIVIERA MAYA\",\"item\":\"https:\/\/excursionesenlarivieramaya.com\/en\/tours\/\"},{\"@type\":\"ListItem\",\"position\":3,\"name\":\"TULUM &#8211; COB\u00c1 CENOTE AND PARAISO BEACH\"}]},{\"@type\":\"WebSite\",\"@id\":\"https:\/\/excursionesenlarivieramaya.com\/en\/#website\",\"url\":\"https:\/\/excursionesenlarivieramaya.com\/en\/\",\"name\":\"Exotik Mayan Tours\",\"description\":\"Excursiones en la Riviera Maya\",\"publisher\":{\"@id\":\"https:\/\/excursionesenlarivieramaya.com\/en\/#organization\"},\"potentialAction\":[{\"@type\":\"SearchAction\",\"target\":{\"@type\":\"EntryPoint\",\"urlTemplate\":\"https:\/\/excursionesenlarivieramaya.com\/en\/?s={search_term_string}\"},\"query-input\":{\"@type\":\"PropertyValueSpecification\",\"valueRequired\":true,\"valueName\":\"search_term_string\"}}],\"inLanguage\":\"en-US\"},{\"@type\":\"Organization\",\"@id\":\"https:\/\/excursionesenlarivieramaya.com\/en\/#organization\",\"name\":\"Excursiones en la Riviera Maya\",\"url\":\"https:\/\/excursionesenlarivieramaya.com\/en\/\",\"logo\":{\"@type\":\"ImageObject\",\"inLanguage\":\"en-US\",\"@id\":\"https:\/\/excursionesenlarivieramaya.com\/en\/#\/schema\/logo\/image\/\",\"url\":\"https:\/\/excursionesenlarivieramaya.com\/wp-content\/uploads\/2019\/07\/excursiones-en-la-riviera-maya-exotik.jpg\",\"contentUrl\":\"https:\/\/excursionesenlarivieramaya.com\/wp-content\/uploads\/2019\/07\/excursiones-en-la-riviera-maya-exotik.jpg\",\"width\":189,\"height\":118,\"caption\":\"Excursiones en la Riviera Maya\"},\"image\":{\"@id\":\"https:\/\/excursionesenlarivieramaya.com\/en\/#\/schema\/logo\/image\/\"}}]}<\/script>\n<!-- \/ Yoast SEO plugin. -->","yoast_head_json":{"title":"\u25b7 Excursion to Tulum, Cob\u00e1 Cenote and Playa Para\u00edso : Riviera Maya","description":"Are you coming on an excursion to Tulum and Cob\u00e1? Do you know Paraiso beach? Now is the time to book this tour that will blow your mind.","robots":{"index":"index","follow":"follow","max-snippet":"max-snippet:-1","max-image-preview":"max-image-preview:large","max-video-preview":"max-video-preview:-1"},"canonical":"https:\/\/excursionesenlarivieramaya.com\/en\/tours\/tulum-coba-cenote-and-beach-paradise\/","og_locale":"en_US","og_type":"article","og_title":"\u25b7 Excursion to Tulum, Cob\u00e1 Cenote and Playa Para\u00edso : Riviera Maya","og_description":"Are you coming on an excursion to Tulum and Cob\u00e1? Do you know Paraiso beach? Now is the time to book this tour that will blow your mind.","og_url":"https:\/\/excursionesenlarivieramaya.com\/en\/tours\/tulum-coba-cenote-and-beach-paradise\/","og_site_name":"Exotik Mayan Tours","twitter_card":"summary_large_image","schema":{"@context":"https:\/\/schema.org","@graph":[{"@type":"WebPage","@id":"https:\/\/excursionesenlarivieramaya.com\/en\/tours\/tulum-coba-cenote-and-beach-paradise\/","url":"https:\/\/excursionesenlarivieramaya.com\/en\/tours\/tulum-coba-cenote-and-beach-paradise\/","name":"\u25b7 Excursion to Tulum, Cob\u00e1 Cenote and Playa Para\u00edso : Riviera Maya","isPartOf":{"@id":"https:\/\/excursionesenlarivieramaya.com\/en\/#website"},"datePublished":"2018-12-10T19:23:53+00:00","description":"Are you coming on an excursion to Tulum and Cob\u00e1? Do you know Paraiso beach? Now is the time to book this tour that will blow your mind.","breadcrumb":{"@id":"https:\/\/excursionesenlarivieramaya.com\/en\/tours\/tulum-coba-cenote-and-beach-paradise\/#breadcrumb"},"inLanguage":"en-US","potentialAction":[{"@type":"ReadAction","target":["https:\/\/excursionesenlarivieramaya.com\/en\/tours\/tulum-coba-cenote-and-beach-paradise\/"]}]},{"@type":"BreadcrumbList","@id":"https:\/\/excursionesenlarivieramaya.com\/en\/tours\/tulum-coba-cenote-and-beach-paradise\/#breadcrumb","itemListElement":[{"@type":"ListItem","position":1,"name":"Portada","item":"https:\/\/excursionesenlarivieramaya.com\/en\/home-2\/"},{"@type":"ListItem","position":2,"name":"THE BEST TOURS IN RIVIERA MAYA","item":"https:\/\/excursionesenlarivieramaya.com\/en\/tours\/"},{"@type":"ListItem","position":3,"name":"TULUM &#8211; COB\u00c1 CENOTE AND PARAISO BEACH"}]},{"@type":"WebSite","@id":"https:\/\/excursionesenlarivieramaya.com\/en\/#website","url":"https:\/\/excursionesenlarivieramaya.com\/en\/","name":"Exotik Mayan Tours","description":"Excursiones en la Riviera Maya","publisher":{"@id":"https:\/\/excursionesenlarivieramaya.com\/en\/#organization"},"potentialAction":[{"@type":"SearchAction","target":{"@type":"EntryPoint","urlTemplate":"https:\/\/excursionesenlarivieramaya.com\/en\/?s={search_term_string}"},"query-input":{"@type":"PropertyValueSpecification","valueRequired":true,"valueName":"search_term_string"}}],"inLanguage":"en-US"},{"@type":"Organization","@id":"https:\/\/excursionesenlarivieramaya.com\/en\/#organization","name":"Excursiones en la Riviera Maya","url":"https:\/\/excursionesenlarivieramaya.com\/en\/","logo":{"@type":"ImageObject","inLanguage":"en-US","@id":"https:\/\/excursionesenlarivieramaya.com\/en\/#\/schema\/logo\/image\/","url":"https:\/\/excursionesenlarivieramaya.com\/wp-content\/uploads\/2019\/07\/excursiones-en-la-riviera-maya-exotik.jpg","contentUrl":"https:\/\/excursionesenlarivieramaya.com\/wp-content\/uploads\/2019\/07\/excursiones-en-la-riviera-maya-exotik.jpg","width":189,"height":118,"caption":"Excursiones en la Riviera Maya"},"image":{"@id":"https:\/\/excursionesenlarivieramaya.com\/en\/#\/schema\/logo\/image\/"}}]}},"_links":{"self":[{"href":"https:\/\/excursionesenlarivieramaya.com\/en\/wp-json\/wp\/v2\/pages\/24998","targetHints":{"allow":["GET"]}}],"collection":[{"href":"https:\/\/excursionesenlarivieramaya.com\/en\/wp-json\/wp\/v2\/pages"}],"about":[{"href":"https:\/\/excursionesenlarivieramaya.com\/en\/wp-json\/wp\/v2\/types\/page"}],"author":[{"embeddable":true,"href":"https:\/\/excursionesenlarivieramaya.com\/en\/wp-json\/wp\/v2\/users\/7"}],"replies":[{"embeddable":true,"href":"https:\/\/excursionesenlarivieramaya.com\/en\/wp-json\/wp\/v2\/comments?post=24998"}],"version-history":[{"count":0,"href":"https:\/\/excursionesenlarivieramaya.com\/en\/wp-json\/wp\/v2\/pages\/24998\/revisions"}],"up":[{"embeddable":true,"href":"https:\/\/excursionesenlarivieramaya.com\/en\/wp-json\/wp\/v2\/pages\/24944"}],"wp:attachment":[{"href":"https:\/\/excursionesenlarivieramaya.com\/en\/wp-json\/wp\/v2\/media?parent=24998"}],"curies":[{"name":"wp","href":"https:\/\/api.w.org\/{rel}","templated":true}]}}